{"id":2047,"date":"2015-01-26T10:51:36","date_gmt":"2015-01-26T09:51:36","guid":{"rendered":"http:\/\/www.ondequadre.polito.it\/wp\/?page_id=2047"},"modified":"2015-02-25T10:48:28","modified_gmt":"2015-02-25T09:48:28","slug":"fondo-della-compagnia-di-santanna-dei-luganesi-in-torino-1636-1989","status":"publish","type":"page","link":"https:\/\/castellodelvalentino.polito.it\/?page_id=2047","title":{"rendered":"Fondo della Compagnia di Sant&#8217;Anna dei Luganesi in Torino. 1636\u20131989"},"content":{"rendered":"<p>Il fondo della Compagnia di Sant\u2019Anna dei Luganesi conserva in copia digitale l\u2019intero archivio della congregazione istituita a Torino nel 1624 da ingegneri, architetti, impresari, capimastri, scalpellini e stuccatori accomunati dalla medesima origine geografica. Maestranze ticinesi che hanno avuto un ruolo fondamentale nello sviluppo edilizio e nella produzione architettonica e decorativa della capitale sabauda e del suo territorio. Nel 1636 il sodalizio, che ha funzioni di identificazione sociale e culturale e di mutuo soccorso, si consolida con la costruzione della Cappella di Sant\u2019Anna presso la chiesa di San Francesco d\u2019Assisi. Da quel momento fino a giungere alla seconda met\u00e0 del XX secolo si sussegue una sistematica produzione di documenti che testimoniano la vita della compagnia e permettono di documentare la presenza a Torino di una folta schiera di artisti e artigiani.<br \/>\nDi propriet\u00e0 della Societ\u00e0 dei Luganesi in Torino, l\u2019archivio \u00e8 stato in deposito temporaneo presso il Dipartimento Casa-Citt\u00e0 del Politecnico dal 1990 al 2009 per motivi di studio e ricerca sotto la responsabilit\u00e0 scientifica di Vera Comoli e Andreina Griseri. Oggi \u00e8 conservato presso la sede del Circolo Svizzero di Torino.<\/p>\n<div data-carousel-extra='{\"blog_id\":1,\"permalink\":\"https:\\\/\\\/castellodelvalentino.polito.it\\\/?page_id=2047\"}' class=\"tiled-gallery type-rectangular\" data-original-width=\"1140\"><div class=\"gallery-row\" style=\"width: 1135px; height: 410px;\"><div class=\"gallery-group images-1\" style=\"width: 273px; height: 414px;\"><div class=\"tiled-gallery-item tiled-gallery-item-large\"><a href=\"https:\/\/castellodelvalentino.polito.it\/?attachment_id=2126\"><img loading=\"lazy\" decoding=\"async\" data-attachment-id=\"2126\" data-orig-file=\"https:\/\/castellodelvalentino.polito.it\/wp-content\/uploads\/2015\/01\/pg_LSBC_Luganesi_01.jpg\" data-orig-size=\"850,1295\" data-comments-opened=\"0\" data-image-meta=\"{&quot;aperture&quot;:&quot;0&quot;,&quot;credit&quot;:&quot;&quot;,&quot;camera&quot;:&quot;&quot;,&quot;caption&quot;:&quot;&quot;,&quot;created_timestamp&quot;:&quot;0&quot;,&quot;copyright&quot;:&quot;&quot;,&quot;focal_length&quot;:&quot;0&quot;,&quot;iso&quot;:&quot;0&quot;,&quot;shutter_speed&quot;:&quot;0&quot;,&quot;title&quot;:&quot;&quot;,&quot;orientation&quot;:&quot;0&quot;}\" data-image-title=\"Lettera patente del re Carlo Alberto di autorizzazione alla soppressa Universit\u00e0 degli Architetti, Capi Mastri, Scalpellini e Stuccatori Luganesi ad erogare sussidi ai cittadini Svizzeri indigenti esercenti le arti edili, 1845.\" data-image-description=\"\" data-medium-file=\"https:\/\/castellodelvalentino.polito.it\/wp-content\/uploads\/2015\/01\/pg_LSBC_Luganesi_01-197x300.jpg\" data-large-file=\"https:\/\/castellodelvalentino.polito.it\/wp-content\/uploads\/2015\/01\/pg_LSBC_Luganesi_01-672x1024.jpg\" src=\"https:\/\/castellodelvalentino.polito.it\/wp-content\/uploads\/2015\/01\/pg_LSBC_Luganesi_01-269x410.jpg\" width=\"269\" height=\"410\" align=\"left\" title=\"Lettera patente del re Carlo Alberto di autorizzazione alla soppressa Universit\u00e0 degli Architetti, Capi Mastri, Scalpellini e Stuccatori Luganesi ad erogare sussidi ai cittadini Svizzeri indigenti esercenti le arti edili, 1845.\" \/><\/a><div class=\"tiled-gallery-caption\">Positivo in bianco e nero.<\/div><\/div><\/div><div class=\"gallery-group images-1\" style=\"width: 271px; height: 414px;\"><div class=\"tiled-gallery-item tiled-gallery-item-large\"><a href=\"https:\/\/castellodelvalentino.polito.it\/?attachment_id=2127\"><img loading=\"lazy\" decoding=\"async\" data-attachment-id=\"2127\" data-orig-file=\"https:\/\/castellodelvalentino.polito.it\/wp-content\/uploads\/2015\/01\/pg_LSBC_Luganesi_02.jpg\" data-orig-size=\"539,829\" data-comments-opened=\"0\" data-image-meta=\"{&quot;aperture&quot;:&quot;0&quot;,&quot;credit&quot;:&quot;&quot;,&quot;camera&quot;:&quot;&quot;,&quot;caption&quot;:&quot;&quot;,&quot;created_timestamp&quot;:&quot;0&quot;,&quot;copyright&quot;:&quot;&quot;,&quot;focal_length&quot;:&quot;0&quot;,&quot;iso&quot;:&quot;0&quot;,&quot;shutter_speed&quot;:&quot;0&quot;,&quot;title&quot;:&quot;&quot;,&quot;orientation&quot;:&quot;0&quot;}\" data-image-title=\"Torino, Casa di Sant\u2019Anna, prospetto dell&#8217;edificio costruito dalla Compagnia di Sant&#8217;Anna dei Luganesi in Contrada del Cannon d&#8217;oro (oggi via S. Massimo), [1677].\" data-image-description=\"\" data-medium-file=\"https:\/\/castellodelvalentino.polito.it\/wp-content\/uploads\/2015\/01\/pg_LSBC_Luganesi_02-195x300.jpg\" data-large-file=\"https:\/\/castellodelvalentino.polito.it\/wp-content\/uploads\/2015\/01\/pg_LSBC_Luganesi_02.jpg\" src=\"https:\/\/castellodelvalentino.polito.it\/wp-content\/uploads\/2015\/01\/pg_LSBC_Luganesi_02-267x410.jpg\" width=\"267\" height=\"410\" align=\"left\" title=\"Torino, Casa di Sant\u2019Anna, prospetto dell&#039;edificio costruito dalla Compagnia di Sant&#039;Anna dei Luganesi in Contrada del Cannon d&#039;oro (oggi via S. Massimo), [1677].\" \/><\/a><div class=\"tiled-gallery-caption\">Inchiostro di china nero e acquerello blu, su carta.<\/div><\/div><\/div><div class=\"gallery-group images-1\" style=\"width: 299px; height: 414px;\"><div class=\"tiled-gallery-item tiled-gallery-item-large\"><a href=\"https:\/\/castellodelvalentino.polito.it\/?attachment_id=2128\"><img loading=\"lazy\" decoding=\"async\" data-attachment-id=\"2128\" data-orig-file=\"https:\/\/castellodelvalentino.polito.it\/wp-content\/uploads\/2015\/01\/pg_LSBC_Luganesi_03.jpg\" data-orig-size=\"850,1180\" data-comments-opened=\"0\" data-image-meta=\"{&quot;aperture&quot;:&quot;0&quot;,&quot;credit&quot;:&quot;&quot;,&quot;camera&quot;:&quot;&quot;,&quot;caption&quot;:&quot;&quot;,&quot;created_timestamp&quot;:&quot;0&quot;,&quot;copyright&quot;:&quot;&quot;,&quot;focal_length&quot;:&quot;0&quot;,&quot;iso&quot;:&quot;0&quot;,&quot;shutter_speed&quot;:&quot;0&quot;,&quot;title&quot;:&quot;&quot;,&quot;orientation&quot;:&quot;0&quot;}\" data-image-title=\"Quietanza di pagamento per spese di culto in onore di Sant&#8217;Anna, 1849.\" data-image-description=\"\" data-medium-file=\"https:\/\/castellodelvalentino.polito.it\/wp-content\/uploads\/2015\/01\/pg_LSBC_Luganesi_03-216x300.jpg\" data-large-file=\"https:\/\/castellodelvalentino.polito.it\/wp-content\/uploads\/2015\/01\/pg_LSBC_Luganesi_03-738x1024.jpg\" src=\"https:\/\/castellodelvalentino.polito.it\/wp-content\/uploads\/2015\/01\/pg_LSBC_Luganesi_03-295x410.jpg\" width=\"295\" height=\"410\" align=\"left\" title=\"Quietanza di pagamento per spese di culto in onore di Sant&#039;Anna, 1849.\" \/><\/a><div class=\"tiled-gallery-caption\">Inchiostro nero su carta.<\/div><\/div><\/div><div class=\"gallery-group images-1\" style=\"width: 292px; height: 414px;\"><div class=\"tiled-gallery-item tiled-gallery-item-large\"><a href=\"https:\/\/castellodelvalentino.polito.it\/?attachment_id=2129\"><img loading=\"lazy\" decoding=\"async\" data-attachment-id=\"2129\" data-orig-file=\"https:\/\/castellodelvalentino.polito.it\/wp-content\/uploads\/2015\/01\/pg_LSBC_Luganesi_04.jpg\" data-orig-size=\"567,806\" data-comments-opened=\"0\" data-image-meta=\"{&quot;aperture&quot;:&quot;0&quot;,&quot;credit&quot;:&quot;&quot;,&quot;camera&quot;:&quot;&quot;,&quot;caption&quot;:&quot;&quot;,&quot;created_timestamp&quot;:&quot;0&quot;,&quot;copyright&quot;:&quot;&quot;,&quot;focal_length&quot;:&quot;0&quot;,&quot;iso&quot;:&quot;0&quot;,&quot;shutter_speed&quot;:&quot;0&quot;,&quot;title&quot;:&quot;&quot;,&quot;orientation&quot;:&quot;0&quot;}\" data-image-title=\"Locandina d\u2019invito per la celebrazione della ricorrenza di Sant&#8217;Anna presso la cappella a lei dedicata nella Chiesa di San Francesco d\u2019Assisi in Torino, 1892.\" data-image-description=\"\" data-medium-file=\"https:\/\/castellodelvalentino.polito.it\/wp-content\/uploads\/2015\/01\/pg_LSBC_Luganesi_04-211x300.jpg\" data-large-file=\"https:\/\/castellodelvalentino.polito.it\/wp-content\/uploads\/2015\/01\/pg_LSBC_Luganesi_04.jpg\" src=\"https:\/\/castellodelvalentino.polito.it\/wp-content\/uploads\/2015\/01\/pg_LSBC_Luganesi_04-288x410.jpg\" width=\"288\" height=\"410\" align=\"left\" title=\"Locandina d\u2019invito per la celebrazione della ricorrenza di Sant&#039;Anna presso la cappella a lei dedicata nella Chiesa di San Francesco d\u2019Assisi in Torino, 1892.\" \/><\/a><div class=\"tiled-gallery-caption\">Stampa su carta.<\/div><\/div><\/div><\/div><\/div>\n","protected":false},"excerpt":{"rendered":"<p>Il fondo della Compagnia di Sant\u2019Anna dei Luganesi conserva in copia digitale l\u2019intero archivio della congregazione istituita a Torino nel 1624 da ingegneri, architetti, impresari, capimastri, scalpellini e stuccatori accomunati [&hellip;]<\/p>\n","protected":false},"author":4,"featured_media":0,"parent":1978,"menu_order":5,"comment_status":"closed","ping_status":"closed","template":"page_fullwidth.php","meta":{"footnotes":""},"class_list":["post-2047","page","type-page","status-publish","hentry"],"_links":{"self":[{"href":"https:\/\/castellodelvalentino.polito.it\/index.php?rest_route=\/wp\/v2\/pages\/2047","targetHints":{"allow":["GET"]}}],"collection":[{"href":"https:\/\/castellodelvalentino.polito.it\/index.php?rest_route=\/wp\/v2\/pages"}],"about":[{"href":"https:\/\/castellodelvalentino.polito.it\/index.php?rest_route=\/wp\/v2\/types\/page"}],"author":[{"embeddable":true,"href":"https:\/\/castellodelvalentino.polito.it\/index.php?rest_route=\/wp\/v2\/users\/4"}],"replies":[{"embeddable":true,"href":"https:\/\/castellodelvalentino.polito.it\/index.php?rest_route=%2Fwp%2Fv2%2Fcomments&post=2047"}],"version-history":[{"count":4,"href":"https:\/\/castellodelvalentino.polito.it\/index.php?rest_route=\/wp\/v2\/pages\/2047\/revisions"}],"predecessor-version":[{"id":2132,"href":"https:\/\/castellodelvalentino.polito.it\/index.php?rest_route=\/wp\/v2\/pages\/2047\/revisions\/2132"}],"up":[{"embeddable":true,"href":"https:\/\/castellodelvalentino.polito.it\/index.php?rest_route=\/wp\/v2\/pages\/1978"}],"wp:attachment":[{"href":"https:\/\/castellodelvalentino.polito.it\/index.php?rest_route=%2Fwp%2Fv2%2Fmedia&parent=2047"}],"curies":[{"name":"wp","href":"https:\/\/api.w.org\/{rel}","templated":true}]}}