{"id":215,"date":"2015-06-05T11:44:50","date_gmt":"2014-10-22T08:57:40","guid":{"rendered":"http:\/\/www.ondequadre.polito.it\/wp\/?page_id=215"},"modified":"2016-02-04T15:34:26","modified_gmt":"2016-02-04T14:34:26","slug":"stanza-della-magnificienza","status":"publish","type":"page","link":"https:\/\/castellodelvalentino.polito.it\/?page_id=215","title":{"rendered":"Stanza della Magnificenza"},"content":{"rendered":"<p>Antologia di vedute di luoghi e architetture ducali affrescate nei riquadri della volta, la Stanza della Magnificenza celebra la figura del sovrano impegnato nella costruzione delle grandi fabbriche. Gli stucchi bianchi, realizzati da Alessandro Casella, creano gruppi di putti che reggono cariatidi, volute a forma di testa di satiro, ghirlande di fiori che incorniciano i dipinti e il grande riquadro centrale in cui le fabbriche presentate allo stato di progetto disegnato su un cartiglio sono additate dallo scettro della sovrana come gi\u00e0 realizzate. Due colonne tortili in stucco bianco incorniciano le porte e reggono un fastigio con mensole e putti che sostengono un tondo ora occupato da uno specchio.<\/p>\n<p>Attribuiti ai Recchi, gli affreschi mostrano edifici e parti di citt\u00e0 legate alla committenza di Carlo Emanuele I, Vittorio Amedeo I o Cristina di Francia, ritratti prima della pubblicazione delle note tavole del Theatrum Sabaudiae. Si riconoscono, entro le mura di Torino, la piazza del Castello e il palazzo ducale, la chiesa di Santa Maria al Monte dei Cappuccini, la residenza suburbana di Mirafiori, Porta Nuova, la contrada di Po prima della ristrutturazione a portici. Al di fuori della cinta fortificata, tra i territori del ducato si individuano la cittadella quadrangolare di Trino, la doppia cinta muraria di Asti, nonch\u00e9 altri interventi a protezione di ordini religiosi. Sulle pareti, la fascia di raccordo \u00e8 risolta con scene di genere, immagini di paesaggi non univocamente identificabili. <\/p>\n<p><iframe loading=\"lazy\" title=\"Stanza della Magnificenza\" width=\"1140\" height=\"641\" src=\"https:\/\/www.youtube.com\/embed\/jgdaNr9uWfk?feature=oembed\" frameborder=\"0\" allow=\"accelerometer; autoplay; encrypted-media; gyroscope; picture-in-picture\" allowfullscreen><\/iframe><\/p>\n<div data-carousel-extra='{\"blog_id\":1,\"permalink\":\"https:\\\/\\\/castellodelvalentino.polito.it\\\/?page_id=215\"}' class=\"tiled-gallery type-rectangular\" data-original-width=\"1140\"><div class=\"gallery-row\" style=\"width: 1135px; height: 334px;\"><div class=\"gallery-group images-1\" style=\"width: 227px; height: 338px;\"><div class=\"tiled-gallery-item tiled-gallery-item-small\"><a href=\"https:\/\/castellodelvalentino.polito.it\/?attachment_id=2893\"><img loading=\"lazy\" decoding=\"async\" data-attachment-id=\"2893\" data-orig-file=\"https:\/\/castellodelvalentino.polito.it\/wp-content\/uploads\/2014\/10\/StanzaMagnificenza_01.jpg\" data-orig-size=\"799,1198\" data-comments-opened=\"0\" data-image-meta=\"{&quot;aperture&quot;:&quot;0&quot;,&quot;credit&quot;:&quot;&quot;,&quot;camera&quot;:&quot;&quot;,&quot;caption&quot;:&quot;&quot;,&quot;created_timestamp&quot;:&quot;0&quot;,&quot;copyright&quot;:&quot;&quot;,&quot;focal_length&quot;:&quot;0&quot;,&quot;iso&quot;:&quot;0&quot;,&quot;shutter_speed&quot;:&quot;0&quot;,&quot;title&quot;:&quot;&quot;,&quot;orientation&quot;:&quot;0&quot;}\" data-image-title=\"Stanza della Magnificenza\" data-image-description=\"\" data-medium-file=\"https:\/\/castellodelvalentino.polito.it\/wp-content\/uploads\/2014\/10\/StanzaMagnificenza_01-200x300.jpg\" data-large-file=\"https:\/\/castellodelvalentino.polito.it\/wp-content\/uploads\/2014\/10\/StanzaMagnificenza_01-683x1024.jpg\" src=\"https:\/\/castellodelvalentino.polito.it\/wp-content\/uploads\/2014\/10\/StanzaMagnificenza_01-223x334.jpg\" width=\"223\" height=\"334\" align=\"left\" title=\"Stanza della Magnificenza\" \/><\/a><\/div><\/div><div class=\"gallery-group images-1\" style=\"width: 227px; height: 338px;\"><div class=\"tiled-gallery-item tiled-gallery-item-small\"><a href=\"https:\/\/castellodelvalentino.polito.it\/?attachment_id=2894\"><img loading=\"lazy\" decoding=\"async\" data-attachment-id=\"2894\" data-orig-file=\"https:\/\/castellodelvalentino.polito.it\/wp-content\/uploads\/2014\/10\/StanzaMagnificenza_02.jpg\" data-orig-size=\"799,1198\" data-comments-opened=\"0\" data-image-meta=\"{&quot;aperture&quot;:&quot;0&quot;,&quot;credit&quot;:&quot;&quot;,&quot;camera&quot;:&quot;&quot;,&quot;caption&quot;:&quot;&quot;,&quot;created_timestamp&quot;:&quot;0&quot;,&quot;copyright&quot;:&quot;&quot;,&quot;focal_length&quot;:&quot;0&quot;,&quot;iso&quot;:&quot;0&quot;,&quot;shutter_speed&quot;:&quot;0&quot;,&quot;title&quot;:&quot;&quot;,&quot;orientation&quot;:&quot;0&quot;}\" data-image-title=\"Stanza della Magnificenza\" data-image-description=\"\" data-medium-file=\"https:\/\/castellodelvalentino.polito.it\/wp-content\/uploads\/2014\/10\/StanzaMagnificenza_02-200x300.jpg\" data-large-file=\"https:\/\/castellodelvalentino.polito.it\/wp-content\/uploads\/2014\/10\/StanzaMagnificenza_02-683x1024.jpg\" src=\"https:\/\/castellodelvalentino.polito.it\/wp-content\/uploads\/2014\/10\/StanzaMagnificenza_02-223x334.jpg\" width=\"223\" height=\"334\" align=\"left\" title=\"Stanza della Magnificenza\" \/><\/a><div class=\"tiled-gallery-caption\">La decorazione a stucco della volta \u00e8 contraddistinta da gruppi di putti che reggono cariatidi. <\/div><\/div><\/div><div class=\"gallery-group images-1\" style=\"width: 227px; height: 338px;\"><div class=\"tiled-gallery-item tiled-gallery-item-small\"><a href=\"https:\/\/castellodelvalentino.polito.it\/?attachment_id=2895\"><img loading=\"lazy\" decoding=\"async\" data-attachment-id=\"2895\" data-orig-file=\"https:\/\/castellodelvalentino.polito.it\/wp-content\/uploads\/2014\/10\/StanzaMagnificenza_03.jpg\" data-orig-size=\"799,1198\" data-comments-opened=\"0\" data-image-meta=\"{&quot;aperture&quot;:&quot;0&quot;,&quot;credit&quot;:&quot;&quot;,&quot;camera&quot;:&quot;&quot;,&quot;caption&quot;:&quot;&quot;,&quot;created_timestamp&quot;:&quot;0&quot;,&quot;copyright&quot;:&quot;&quot;,&quot;focal_length&quot;:&quot;0&quot;,&quot;iso&quot;:&quot;0&quot;,&quot;shutter_speed&quot;:&quot;0&quot;,&quot;title&quot;:&quot;&quot;,&quot;orientation&quot;:&quot;0&quot;}\" data-image-title=\"Stanza della Magnificenza\" data-image-description=\"\" data-medium-file=\"https:\/\/castellodelvalentino.polito.it\/wp-content\/uploads\/2014\/10\/StanzaMagnificenza_03-200x300.jpg\" data-large-file=\"https:\/\/castellodelvalentino.polito.it\/wp-content\/uploads\/2014\/10\/StanzaMagnificenza_03-683x1024.jpg\" src=\"https:\/\/castellodelvalentino.polito.it\/wp-content\/uploads\/2014\/10\/StanzaMagnificenza_03-223x334.jpg\" width=\"223\" height=\"334\" align=\"left\" title=\"Stanza della Magnificenza\" \/><\/a><div class=\"tiled-gallery-caption\">Il soggetto del riquadro centrale \u00e8 quello dell&#8217;esaltazione della potest\u00e0 sovrana vista attraverso l&#8217;attivit\u00e0 munifica di committenza di fabbriche regie.<\/div><\/div><\/div><div class=\"gallery-group images-1\" style=\"width: 227px; height: 338px;\"><div class=\"tiled-gallery-item tiled-gallery-item-small\"><a href=\"https:\/\/castellodelvalentino.polito.it\/?attachment_id=2896\"><img loading=\"lazy\" decoding=\"async\" data-attachment-id=\"2896\" data-orig-file=\"https:\/\/castellodelvalentino.polito.it\/wp-content\/uploads\/2014\/10\/StanzaMagnificenza_04.jpg\" data-orig-size=\"799,1198\" data-comments-opened=\"0\" data-image-meta=\"{&quot;aperture&quot;:&quot;0&quot;,&quot;credit&quot;:&quot;&quot;,&quot;camera&quot;:&quot;&quot;,&quot;caption&quot;:&quot;&quot;,&quot;created_timestamp&quot;:&quot;0&quot;,&quot;copyright&quot;:&quot;&quot;,&quot;focal_length&quot;:&quot;0&quot;,&quot;iso&quot;:&quot;0&quot;,&quot;shutter_speed&quot;:&quot;0&quot;,&quot;title&quot;:&quot;&quot;,&quot;orientation&quot;:&quot;0&quot;}\" data-image-title=\"Stanza della Magnificenza\" data-image-description=\"\" data-medium-file=\"https:\/\/castellodelvalentino.polito.it\/wp-content\/uploads\/2014\/10\/StanzaMagnificenza_04-200x300.jpg\" data-large-file=\"https:\/\/castellodelvalentino.polito.it\/wp-content\/uploads\/2014\/10\/StanzaMagnificenza_04-683x1024.jpg\" src=\"https:\/\/castellodelvalentino.polito.it\/wp-content\/uploads\/2014\/10\/StanzaMagnificenza_04-223x334.jpg\" width=\"223\" height=\"334\" align=\"left\" title=\"Stanza della Magnificenza\" \/><\/a><div class=\"tiled-gallery-caption\">Particolare dell&#8217;affresco a centrovolta.<\/div><\/div><\/div><div class=\"gallery-group images-1\" style=\"width: 227px; height: 338px;\"><div class=\"tiled-gallery-item tiled-gallery-item-small\"><a href=\"https:\/\/castellodelvalentino.polito.it\/?attachment_id=2897\"><img loading=\"lazy\" decoding=\"async\" data-attachment-id=\"2897\" data-orig-file=\"https:\/\/castellodelvalentino.polito.it\/wp-content\/uploads\/2014\/10\/StanzaMagnificenza_05.jpg\" data-orig-size=\"799,1198\" data-comments-opened=\"0\" data-image-meta=\"{&quot;aperture&quot;:&quot;0&quot;,&quot;credit&quot;:&quot;&quot;,&quot;camera&quot;:&quot;&quot;,&quot;caption&quot;:&quot;&quot;,&quot;created_timestamp&quot;:&quot;0&quot;,&quot;copyright&quot;:&quot;&quot;,&quot;focal_length&quot;:&quot;0&quot;,&quot;iso&quot;:&quot;0&quot;,&quot;shutter_speed&quot;:&quot;0&quot;,&quot;title&quot;:&quot;&quot;,&quot;orientation&quot;:&quot;0&quot;}\" data-image-title=\"Stanza della Magnificenza\" data-image-description=\"\" data-medium-file=\"https:\/\/castellodelvalentino.polito.it\/wp-content\/uploads\/2014\/10\/StanzaMagnificenza_05-200x300.jpg\" data-large-file=\"https:\/\/castellodelvalentino.polito.it\/wp-content\/uploads\/2014\/10\/StanzaMagnificenza_05-683x1024.jpg\" src=\"https:\/\/castellodelvalentino.polito.it\/wp-content\/uploads\/2014\/10\/StanzaMagnificenza_05-223x334.jpg\" width=\"223\" height=\"334\" align=\"left\" title=\"Stanza della Magnificenza\" \/><\/a><div class=\"tiled-gallery-caption\">Particolare dell&#8217;affresco a centrovolta.<\/div><\/div><\/div><\/div><div class=\"gallery-row\" style=\"width: 1135px; height: 968px;\"><div class=\"gallery-group images-1\" style=\"width: 649px; height: 972px;\"><div class=\"tiled-gallery-item tiled-gallery-item-large\"><a href=\"https:\/\/castellodelvalentino.polito.it\/?attachment_id=2898\"><img loading=\"lazy\" decoding=\"async\" data-attachment-id=\"2898\" data-orig-file=\"https:\/\/castellodelvalentino.polito.it\/wp-content\/uploads\/2014\/10\/StanzaMagnificenza_06.jpg\" data-orig-size=\"799,1198\" data-comments-opened=\"0\" data-image-meta=\"{&quot;aperture&quot;:&quot;0&quot;,&quot;credit&quot;:&quot;&quot;,&quot;camera&quot;:&quot;&quot;,&quot;caption&quot;:&quot;&quot;,&quot;created_timestamp&quot;:&quot;0&quot;,&quot;copyright&quot;:&quot;&quot;,&quot;focal_length&quot;:&quot;0&quot;,&quot;iso&quot;:&quot;0&quot;,&quot;shutter_speed&quot;:&quot;0&quot;,&quot;title&quot;:&quot;&quot;,&quot;orientation&quot;:&quot;0&quot;}\" data-image-title=\"Stanza della Magnificenza\" data-image-description=\"\" data-medium-file=\"https:\/\/castellodelvalentino.polito.it\/wp-content\/uploads\/2014\/10\/StanzaMagnificenza_06-200x300.jpg\" data-large-file=\"https:\/\/castellodelvalentino.polito.it\/wp-content\/uploads\/2014\/10\/StanzaMagnificenza_06-683x1024.jpg\" src=\"https:\/\/castellodelvalentino.polito.it\/wp-content\/uploads\/2014\/10\/StanzaMagnificenza_06-645x968.jpg\" width=\"645\" height=\"968\" align=\"left\" title=\"Stanza della Magnificenza\" \/><\/a><div class=\"tiled-gallery-caption\">Particolare dell&#8217;affresco a centrovolta.<\/div><\/div><\/div><div class=\"gallery-group images-3\" style=\"width: 486px; height: 972px;\"><div class=\"tiled-gallery-item tiled-gallery-item-large\"><a href=\"https:\/\/castellodelvalentino.polito.it\/?attachment_id=2899\"><img loading=\"lazy\" decoding=\"async\" data-attachment-id=\"2899\" data-orig-file=\"https:\/\/castellodelvalentino.polito.it\/wp-content\/uploads\/2014\/10\/StanzaMagnificenza_07.jpg\" data-orig-size=\"1198,799\" data-comments-opened=\"0\" data-image-meta=\"{&quot;aperture&quot;:&quot;0&quot;,&quot;credit&quot;:&quot;&quot;,&quot;camera&quot;:&quot;&quot;,&quot;caption&quot;:&quot;&quot;,&quot;created_timestamp&quot;:&quot;0&quot;,&quot;copyright&quot;:&quot;&quot;,&quot;focal_length&quot;:&quot;0&quot;,&quot;iso&quot;:&quot;0&quot;,&quot;shutter_speed&quot;:&quot;0&quot;,&quot;title&quot;:&quot;&quot;,&quot;orientation&quot;:&quot;0&quot;}\" data-image-title=\"Stanza della Magnificenza\" data-image-description=\"\" data-medium-file=\"https:\/\/castellodelvalentino.polito.it\/wp-content\/uploads\/2014\/10\/StanzaMagnificenza_07-300x200.jpg\" data-large-file=\"https:\/\/castellodelvalentino.polito.it\/wp-content\/uploads\/2014\/10\/StanzaMagnificenza_07-1024x683.jpg\" src=\"https:\/\/castellodelvalentino.polito.it\/wp-content\/uploads\/2014\/10\/StanzaMagnificenza_07-482x321.jpg\" width=\"482\" height=\"321\" align=\"left\" title=\"Stanza della Magnificenza\" \/><\/a><div class=\"tiled-gallery-caption\">Particolare dell&#8217;affresco a centrovolta.<\/div><\/div><div class=\"tiled-gallery-item tiled-gallery-item-large\"><a href=\"https:\/\/castellodelvalentino.polito.it\/?attachment_id=2900\"><img loading=\"lazy\" decoding=\"async\" data-attachment-id=\"2900\" data-orig-file=\"https:\/\/castellodelvalentino.polito.it\/wp-content\/uploads\/2014\/10\/StanzaMagnificenza_08.jpg\" data-orig-size=\"1188,783\" data-comments-opened=\"0\" data-image-meta=\"{&quot;aperture&quot;:&quot;0&quot;,&quot;credit&quot;:&quot;&quot;,&quot;camera&quot;:&quot;&quot;,&quot;caption&quot;:&quot;&quot;,&quot;created_timestamp&quot;:&quot;0&quot;,&quot;copyright&quot;:&quot;&quot;,&quot;focal_length&quot;:&quot;0&quot;,&quot;iso&quot;:&quot;0&quot;,&quot;shutter_speed&quot;:&quot;0&quot;,&quot;title&quot;:&quot;&quot;,&quot;orientation&quot;:&quot;0&quot;}\" data-image-title=\"Stanza della Magnificenza\" data-image-description=\"\" data-medium-file=\"https:\/\/castellodelvalentino.polito.it\/wp-content\/uploads\/2014\/10\/StanzaMagnificenza_08-300x198.jpg\" data-large-file=\"https:\/\/castellodelvalentino.polito.it\/wp-content\/uploads\/2014\/10\/StanzaMagnificenza_08-1024x675.jpg\" src=\"https:\/\/castellodelvalentino.polito.it\/wp-content\/uploads\/2014\/10\/StanzaMagnificenza_08-482x318.jpg\" width=\"482\" height=\"318\" align=\"left\" title=\"Stanza della Magnificenza\" \/><\/a><div class=\"tiled-gallery-caption\">Nei riquadri sono raffigurati alcuni edifici monumentali e vedute urbane legate alla committenza di Carlo Emanuele I, Vittorio Amedeo I e Cristina.<\/div><\/div><div class=\"tiled-gallery-item tiled-gallery-item-large\"><a href=\"https:\/\/castellodelvalentino.polito.it\/?attachment_id=2901\"><img loading=\"lazy\" decoding=\"async\" data-attachment-id=\"2901\" data-orig-file=\"https:\/\/castellodelvalentino.polito.it\/wp-content\/uploads\/2014\/10\/StanzaMagnificenza_09.jpg\" data-orig-size=\"1198,799\" data-comments-opened=\"0\" data-image-meta=\"{&quot;aperture&quot;:&quot;0&quot;,&quot;credit&quot;:&quot;&quot;,&quot;camera&quot;:&quot;&quot;,&quot;caption&quot;:&quot;&quot;,&quot;created_timestamp&quot;:&quot;0&quot;,&quot;copyright&quot;:&quot;&quot;,&quot;focal_length&quot;:&quot;0&quot;,&quot;iso&quot;:&quot;0&quot;,&quot;shutter_speed&quot;:&quot;0&quot;,&quot;title&quot;:&quot;&quot;,&quot;orientation&quot;:&quot;0&quot;}\" data-image-title=\"Stanza della Magnificenza\" data-image-description=\"\" data-medium-file=\"https:\/\/castellodelvalentino.polito.it\/wp-content\/uploads\/2014\/10\/StanzaMagnificenza_09-300x200.jpg\" data-large-file=\"https:\/\/castellodelvalentino.polito.it\/wp-content\/uploads\/2014\/10\/StanzaMagnificenza_09-1024x683.jpg\" src=\"https:\/\/castellodelvalentino.polito.it\/wp-content\/uploads\/2014\/10\/StanzaMagnificenza_09-482x321.jpg\" width=\"482\" height=\"321\" align=\"left\" title=\"Stanza della Magnificenza\" \/><\/a><div class=\"tiled-gallery-caption\">Nei riquadri sono raffigurati alcuni edifici monumentali e vedute urbane legate alla committenza di Carlo Emanuele I, Vittorio Amedeo I e Cristina.<\/div><\/div><\/div><\/div><div class=\"gallery-row\" style=\"width: 1135px; height: 306px;\"><div class=\"gallery-group images-1\" style=\"width: 465px; height: 310px;\"><div class=\"tiled-gallery-item tiled-gallery-item-large\"><a href=\"https:\/\/castellodelvalentino.polito.it\/?attachment_id=2902\"><img loading=\"lazy\" decoding=\"async\" data-attachment-id=\"2902\" data-orig-file=\"https:\/\/castellodelvalentino.polito.it\/wp-content\/uploads\/2014\/10\/StanzaMagnificenza_10.jpg\" data-orig-size=\"1191,790\" data-comments-opened=\"0\" data-image-meta=\"{&quot;aperture&quot;:&quot;0&quot;,&quot;credit&quot;:&quot;&quot;,&quot;camera&quot;:&quot;&quot;,&quot;caption&quot;:&quot;&quot;,&quot;created_timestamp&quot;:&quot;0&quot;,&quot;copyright&quot;:&quot;&quot;,&quot;focal_length&quot;:&quot;0&quot;,&quot;iso&quot;:&quot;0&quot;,&quot;shutter_speed&quot;:&quot;0&quot;,&quot;title&quot;:&quot;&quot;,&quot;orientation&quot;:&quot;0&quot;}\" data-image-title=\"Stanza della Magnificenza\" data-image-description=\"\" data-medium-file=\"https:\/\/castellodelvalentino.polito.it\/wp-content\/uploads\/2014\/10\/StanzaMagnificenza_10-300x199.jpg\" data-large-file=\"https:\/\/castellodelvalentino.polito.it\/wp-content\/uploads\/2014\/10\/StanzaMagnificenza_10-1024x679.jpg\" src=\"https:\/\/castellodelvalentino.polito.it\/wp-content\/uploads\/2014\/10\/StanzaMagnificenza_10-461x306.jpg\" width=\"461\" height=\"306\" align=\"left\" title=\"Stanza della Magnificenza\" \/><\/a><div class=\"tiled-gallery-caption\">Nei riquadri sono raffigurati alcuni edifici monumentali e vedute urbane legate alla committenza di Carlo Emanuele I, Vittorio Amedeo I e Cristina.<\/div><\/div><\/div><div class=\"gallery-group images-1\" style=\"width: 208px; height: 310px;\"><div class=\"tiled-gallery-item tiled-gallery-item-small\"><a href=\"https:\/\/castellodelvalentino.polito.it\/?attachment_id=2903\"><img loading=\"lazy\" decoding=\"async\" data-attachment-id=\"2903\" data-orig-file=\"https:\/\/castellodelvalentino.polito.it\/wp-content\/uploads\/2014\/10\/StanzaMagnificenza_11.jpg\" data-orig-size=\"799,1198\" data-comments-opened=\"0\" data-image-meta=\"{&quot;aperture&quot;:&quot;0&quot;,&quot;credit&quot;:&quot;&quot;,&quot;camera&quot;:&quot;&quot;,&quot;caption&quot;:&quot;&quot;,&quot;created_timestamp&quot;:&quot;0&quot;,&quot;copyright&quot;:&quot;&quot;,&quot;focal_length&quot;:&quot;0&quot;,&quot;iso&quot;:&quot;0&quot;,&quot;shutter_speed&quot;:&quot;0&quot;,&quot;title&quot;:&quot;&quot;,&quot;orientation&quot;:&quot;0&quot;}\" data-image-title=\"Stanza della Magnificenza\" data-image-description=\"\" data-medium-file=\"https:\/\/castellodelvalentino.polito.it\/wp-content\/uploads\/2014\/10\/StanzaMagnificenza_11-200x300.jpg\" data-large-file=\"https:\/\/castellodelvalentino.polito.it\/wp-content\/uploads\/2014\/10\/StanzaMagnificenza_11-683x1024.jpg\" src=\"https:\/\/castellodelvalentino.polito.it\/wp-content\/uploads\/2014\/10\/StanzaMagnificenza_11-204x306.jpg\" width=\"204\" height=\"306\" align=\"left\" title=\"Stanza della Magnificenza\" \/><\/a><div class=\"tiled-gallery-caption\">La decorazione a stucco della volta \u00e8 contraddistinta da gruppi di putti che reggono cariatidi.<\/div><\/div><\/div><div class=\"gallery-group images-1\" style=\"width: 462px; height: 310px;\"><div class=\"tiled-gallery-item tiled-gallery-item-large\"><a href=\"https:\/\/castellodelvalentino.polito.it\/?attachment_id=2904\"><img loading=\"lazy\" decoding=\"async\" data-attachment-id=\"2904\" data-orig-file=\"https:\/\/castellodelvalentino.polito.it\/wp-content\/uploads\/2014\/10\/StanzaMagnificenza_12.jpg\" data-orig-size=\"1106,740\" data-comments-opened=\"0\" data-image-meta=\"{&quot;aperture&quot;:&quot;0&quot;,&quot;credit&quot;:&quot;&quot;,&quot;camera&quot;:&quot;&quot;,&quot;caption&quot;:&quot;&quot;,&quot;created_timestamp&quot;:&quot;0&quot;,&quot;copyright&quot;:&quot;&quot;,&quot;focal_length&quot;:&quot;0&quot;,&quot;iso&quot;:&quot;0&quot;,&quot;shutter_speed&quot;:&quot;0&quot;,&quot;title&quot;:&quot;&quot;,&quot;orientation&quot;:&quot;0&quot;}\" data-image-title=\"Stanza della Magnificenza\" data-image-description=\"\" data-medium-file=\"https:\/\/castellodelvalentino.polito.it\/wp-content\/uploads\/2014\/10\/StanzaMagnificenza_12-300x201.jpg\" data-large-file=\"https:\/\/castellodelvalentino.polito.it\/wp-content\/uploads\/2014\/10\/StanzaMagnificenza_12-1024x685.jpg\" src=\"https:\/\/castellodelvalentino.polito.it\/wp-content\/uploads\/2014\/10\/StanzaMagnificenza_12-458x306.jpg\" width=\"458\" height=\"306\" align=\"left\" title=\"Stanza della Magnificenza\" \/><\/a><div class=\"tiled-gallery-caption\">Particolare degli stucchi del fregio.<\/div><\/div><\/div><\/div><\/div>\n","protected":false},"excerpt":{"rendered":"<p>Antologia di vedute di luoghi e architetture ducali affrescate nei riquadri della volta, la Stanza della Magnificenza celebra la figura del sovrano impegnato nella costruzione delle grandi fabbriche. Gli stucchi [&hellip;]<\/p>\n","protected":false},"author":4,"featured_media":2905,"parent":47,"menu_order":10,"comment_status":"closed","ping_status":"open","template":"page_fullwidth.php","meta":{"footnotes":""},"class_list":["post-215","page","type-page","status-publish","has-post-thumbnail","hentry"],"_links":{"self":[{"href":"https:\/\/castellodelvalentino.polito.it\/index.php?rest_route=\/wp\/v2\/pages\/215","targetHints":{"allow":["GET"]}}],"collection":[{"href":"https:\/\/castellodelvalentino.polito.it\/index.php?rest_route=\/wp\/v2\/pages"}],"about":[{"href":"https:\/\/castellodelvalentino.polito.it\/index.php?rest_route=\/wp\/v2\/types\/page"}],"author":[{"embeddable":true,"href":"https:\/\/castellodelvalentino.polito.it\/index.php?rest_route=\/wp\/v2\/users\/4"}],"replies":[{"embeddable":true,"href":"https:\/\/castellodelvalentino.polito.it\/index.php?rest_route=%2Fwp%2Fv2%2Fcomments&post=215"}],"version-history":[{"count":9,"href":"https:\/\/castellodelvalentino.polito.it\/index.php?rest_route=\/wp\/v2\/pages\/215\/revisions"}],"predecessor-version":[{"id":4786,"href":"https:\/\/castellodelvalentino.polito.it\/index.php?rest_route=\/wp\/v2\/pages\/215\/revisions\/4786"}],"up":[{"embeddable":true,"href":"https:\/\/castellodelvalentino.polito.it\/index.php?rest_route=\/wp\/v2\/pages\/47"}],"wp:featuredmedia":[{"embeddable":true,"href":"https:\/\/castellodelvalentino.polito.it\/index.php?rest_route=\/wp\/v2\/media\/2905"}],"wp:attachment":[{"href":"https:\/\/castellodelvalentino.polito.it\/index.php?rest_route=%2Fwp%2Fv2%2Fmedia&parent=215"}],"curies":[{"name":"wp","href":"https:\/\/api.w.org\/{rel}","templated":true}]}}