{"id":219,"date":"2015-06-05T11:44:50","date_gmt":"2014-10-22T08:58:59","guid":{"rendered":"http:\/\/www.ondequadre.polito.it\/wp\/?page_id=219"},"modified":"2016-02-04T15:36:01","modified_gmt":"2016-02-04T14:36:01","slug":"stanza-delle-feste-e-dei-fasti","status":"publish","type":"page","link":"https:\/\/castellodelvalentino.polito.it\/?page_id=219","title":{"rendered":"Stanza delle Feste e dei Fasti"},"content":{"rendered":"<p>Ultima grande sala dell\u2019appartamento nord, verso Torino, decorata dopo la morte di Cristina di Francia avvenuta nel 1663, la Stanza delle Feste e dei Fasti \u00e8 affrescata da Gian Paolo Recchi e dai suoi collaboratori che vi raffigurano soggetti scelti da Filippo d\u2019Agli\u00e8, incaricato di seguire il cantiere del Valentino anche dopo la scomparsa di Madama Reale. Un unico riquadro, tuttavia, \u00e8 ancora leggibile sul lato ovest dove \u00e8 rappresentata una festa allestita, a Torino, nella piazza del Castello, nello spazio di parata antistante Palazzo Madama.<\/p>\n<p>Coppie di putti e telamoni raccordano le pareti, suddivise in riquadri alternati, ancora, a putti che incorniciano un mascherone o sostengono una palma, al centro della volta. Nel tondo centrale \u00e8 raffigurata, ad affresco, la glorificazione della Magnificenza sovrana, cui le arti e le scienze danno fama eterna, come spiega l\u2019espressione \u00abLuce mansura per aevum\u00bb scritta sul cartiglio che incornicia la figura femminile, forse un ritratto postumo della prima reggente.<\/p>\n<p><iframe loading=\"lazy\" title=\"Stanza delle Feste e dei Fasti\" width=\"1140\" height=\"641\" src=\"https:\/\/www.youtube.com\/embed\/8fxPq6fhpKk?feature=oembed\" frameborder=\"0\" allow=\"accelerometer; autoplay; encrypted-media; gyroscope; picture-in-picture\" allowfullscreen><\/iframe><\/p>\n<div data-carousel-extra='{\"blog_id\":1,\"permalink\":\"https:\\\/\\\/castellodelvalentino.polito.it\\\/?page_id=219\"}' class=\"tiled-gallery type-rectangular\" data-original-width=\"1140\"><div class=\"gallery-row\" style=\"width: 1135px; height: 902px;\"><div class=\"gallery-group images-1\" style=\"width: 567px; height: 906px;\"><div class=\"tiled-gallery-item tiled-gallery-item-large\"><a href=\"https:\/\/castellodelvalentino.polito.it\/?attachment_id=2922\"><img loading=\"lazy\" decoding=\"async\" data-attachment-id=\"2922\" data-orig-file=\"https:\/\/castellodelvalentino.polito.it\/wp-content\/uploads\/2014\/10\/StanzaFesteFasti_03.jpg\" data-orig-size=\"685,1097\" data-comments-opened=\"0\" data-image-meta=\"{&quot;aperture&quot;:&quot;0&quot;,&quot;credit&quot;:&quot;&quot;,&quot;camera&quot;:&quot;&quot;,&quot;caption&quot;:&quot;&quot;,&quot;created_timestamp&quot;:&quot;0&quot;,&quot;copyright&quot;:&quot;&quot;,&quot;focal_length&quot;:&quot;0&quot;,&quot;iso&quot;:&quot;0&quot;,&quot;shutter_speed&quot;:&quot;0&quot;,&quot;title&quot;:&quot;&quot;,&quot;orientation&quot;:&quot;0&quot;}\" data-image-title=\"Stanza delle Feste e dei Fasti\" data-image-description=\"\" data-medium-file=\"https:\/\/castellodelvalentino.polito.it\/wp-content\/uploads\/2014\/10\/StanzaFesteFasti_03-187x300.jpg\" data-large-file=\"https:\/\/castellodelvalentino.polito.it\/wp-content\/uploads\/2014\/10\/StanzaFesteFasti_03-639x1024.jpg\" src=\"https:\/\/castellodelvalentino.polito.it\/wp-content\/uploads\/2014\/10\/StanzaFesteFasti_03-563x902.jpg\" width=\"563\" height=\"902\" align=\"left\" title=\"Stanza delle Feste e dei Fasti\" \/><\/a><div class=\"tiled-gallery-caption\">Nel grande tondo del soffitto si presenta la glorificazione della magnificienza sovrana, a cui le arti e le scienze danno fama eterna, come illustra la scritta &#8220;LUCE MANSURA PER AEVUM&#8221; che incorona la figura femminile.<\/div><\/div><\/div><div class=\"gallery-group images-1\" style=\"width: 568px; height: 906px;\"><div class=\"tiled-gallery-item tiled-gallery-item-large\"><a href=\"https:\/\/castellodelvalentino.polito.it\/?attachment_id=2921\"><img loading=\"lazy\" decoding=\"async\" data-attachment-id=\"2921\" data-orig-file=\"https:\/\/castellodelvalentino.polito.it\/wp-content\/uploads\/2014\/10\/StanzaFesteFasti_02.jpg\" data-orig-size=\"799,1279\" data-comments-opened=\"0\" data-image-meta=\"{&quot;aperture&quot;:&quot;0&quot;,&quot;credit&quot;:&quot;&quot;,&quot;camera&quot;:&quot;&quot;,&quot;caption&quot;:&quot;&quot;,&quot;created_timestamp&quot;:&quot;0&quot;,&quot;copyright&quot;:&quot;&quot;,&quot;focal_length&quot;:&quot;0&quot;,&quot;iso&quot;:&quot;0&quot;,&quot;shutter_speed&quot;:&quot;0&quot;,&quot;title&quot;:&quot;&quot;,&quot;orientation&quot;:&quot;0&quot;}\" data-image-title=\"Stanza delle Feste e dei Fasti\" data-image-description=\"\" data-medium-file=\"https:\/\/castellodelvalentino.polito.it\/wp-content\/uploads\/2014\/10\/StanzaFesteFasti_02-187x300.jpg\" data-large-file=\"https:\/\/castellodelvalentino.polito.it\/wp-content\/uploads\/2014\/10\/StanzaFesteFasti_02-640x1024.jpg\" src=\"https:\/\/castellodelvalentino.polito.it\/wp-content\/uploads\/2014\/10\/StanzaFesteFasti_02-564x902.jpg\" width=\"564\" height=\"902\" align=\"left\" title=\"Stanza delle Feste e dei Fasti\" \/><\/a><div class=\"tiled-gallery-caption\">Gli stucchi vedono telamoni e putti di collegamento tra i riquadri ovoidi che si uniscono a gruppi di putti reggenti la palma simbolo del trionfo.<\/div><\/div><\/div><\/div><\/div>\n","protected":false},"excerpt":{"rendered":"<p>Ultima grande sala dell\u2019appartamento nord, verso Torino, decorata dopo la morte di Cristina di Francia avvenuta nel 1663, la Stanza delle Feste e dei Fasti \u00e8 affrescata da Gian Paolo [&hellip;]<\/p>\n","protected":false},"author":4,"featured_media":2923,"parent":47,"menu_order":12,"comment_status":"closed","ping_status":"open","template":"page_fullwidth.php","meta":{"footnotes":""},"class_list":["post-219","page","type-page","status-publish","has-post-thumbnail","hentry"],"_links":{"self":[{"href":"https:\/\/castellodelvalentino.polito.it\/index.php?rest_route=\/wp\/v2\/pages\/219","targetHints":{"allow":["GET"]}}],"collection":[{"href":"https:\/\/castellodelvalentino.polito.it\/index.php?rest_route=\/wp\/v2\/pages"}],"about":[{"href":"https:\/\/castellodelvalentino.polito.it\/index.php?rest_route=\/wp\/v2\/types\/page"}],"author":[{"embeddable":true,"href":"https:\/\/castellodelvalentino.polito.it\/index.php?rest_route=\/wp\/v2\/users\/4"}],"replies":[{"embeddable":true,"href":"https:\/\/castellodelvalentino.polito.it\/index.php?rest_route=%2Fwp%2Fv2%2Fcomments&post=219"}],"version-history":[{"count":13,"href":"https:\/\/castellodelvalentino.polito.it\/index.php?rest_route=\/wp\/v2\/pages\/219\/revisions"}],"predecessor-version":[{"id":4788,"href":"https:\/\/castellodelvalentino.polito.it\/index.php?rest_route=\/wp\/v2\/pages\/219\/revisions\/4788"}],"up":[{"embeddable":true,"href":"https:\/\/castellodelvalentino.polito.it\/index.php?rest_route=\/wp\/v2\/pages\/47"}],"wp:featuredmedia":[{"embeddable":true,"href":"https:\/\/castellodelvalentino.polito.it\/index.php?rest_route=\/wp\/v2\/media\/2923"}],"wp:attachment":[{"href":"https:\/\/castellodelvalentino.polito.it\/index.php?rest_route=%2Fwp%2Fv2%2Fmedia&parent=219"}],"curies":[{"name":"wp","href":"https:\/\/api.w.org\/{rel}","templated":true}]}}