{"id":3554,"date":"2015-03-25T15:51:10","date_gmt":"2015-03-25T14:51:10","guid":{"rendered":"https:\/\/castellodelvalentino.polito.it\/?page_id=3554"},"modified":"2015-03-25T15:51:54","modified_gmt":"2015-03-25T14:51:54","slug":"fondi-eugenio-e-carlo-mollino","status":"publish","type":"page","link":"https:\/\/castellodelvalentino.polito.it\/?page_id=3554","title":{"rendered":"Fondi Eugenio e Carlo Mollino"},"content":{"rendered":"<p>Figura di spicco nella storia e nella cultura architettonica del Novecento, Carlo Mollino (1905-1973) \u00e8 autore di case d\u2019abitazione, negozi, alberghi, stabilimenti industriali, complessi sportivi. Una molteplicit\u00e0 di soggetti che riflette i suoi interessi per il mondo dell\u2019architettura, della scenografia, della montagna, della fotografia, dell\u2019aeronautica e dell\u2019automobilismo, della moda.<br \/>\nLaureato in ingegneria civile alla Scuola di Applicazione per gli Ingegneri in Torino, Eugenio Mollino (1873-1953), padre di Carlo, \u00e8 attivo a Torino tra Otto e Novecento. Nel fondo documentario sono i disegni, in cartelle e in rotoli, per studi e realizzazioni redatti negli anni tra le due guerre e nel secondo dopoguerra.<\/p>\n<p>Originariamente unita al Carlo Mollino, con cui \u00e8 la continuit\u00e0 della numerazione degli elaborati, la raccolta Eugenio Mollino \u00e8 un utile strumento per ripercorrere l\u2019iter progettuale ed esecutivo di grandi interventi nel territorio torinese. Progettista di importanti esempi di edilizia sanitaria, dall\u2019Ospedale di San Giovanni Battista e della Citt\u00e0 di Torino \u00abLe Molinette\u00bb (1927-34) all\u2019ospedale-sanatorio San Luigi, Mollino firma anche alcuni disegni di palazzine e fabbricati industriali.<\/p>\n<p>Alcune cartelle con disegni di Edoardo Arborio Mella, Enrico Petiti (1838-1898) e di Giuseppe Gioacchino Ferria (1853-1941), completano la documentazione disponibile.<br \/>\nNel fondo, la scelta di mantenere la suddivisione originaria (in cartelle, rotoli, dossier, scatole) permette di conoscere anche il criterio organizzativo dello studio Mollino. La numerazione progressiva dei disegni di Eugenio e Carlo Mollino lega l\u2019attivit\u00e0 professionale di Carlo, a ventisei anni, con quella del padre, progettista e costruttore tra Otto e Novecento.<\/p>\n<p>Le carte del suo studio professionale, disegni, fotografie, manoscritti, sono divise in tre settori, Progetti, Corrispondenza e Fotografia; Progetti, per omogeneit\u00e0 fisica dei documenti, \u00e8 ripartito in Disegni, contenuti in cartelle, e Documenti vari, conservati in cartelle, classificatori e faldoni. Il settore Fotografia, in cui sono considerati i negativi originari, \u00e8 catalogato per immagini (e ne \u00e8 redatto un sommario), della Corrispondenza sono compilate delle schede annuali del materiale.<\/p>\n<p>Nell\u2019archivio, migliaia di lastre fotografiche, negativi, diapositive offrono \u00abindizi essenziali a chi cerchi di ricostruire le molteplici sfaccettature di una ricerca che si confonde con la vita e che, come tutte le ricerche autentiche, procede infaticabile, senza proporsi approdi definitivi\u00bb. Con la fotografia Mollino, \u00abcome pochi altri architetti del suo tempo, esercita anche un\u2019azione interpretativa della propria architettura\u00bb realizzando fotomontaggi di modellini inseriti in foto del sito per presentare i propri lavori alla committenza. I progetti per la Societ\u00e0 Ippica torinese (1937-40), la Stazione albergo al Lago Nero (Sauze d\u2019Oulx, 1946-47), l\u2019Auditorium RAI (1950-53), la scuola per le suore di San Giuseppe (Aosta 1951), il quartiere INA-Casa in corso Sebastopoli a Torino (1957-60), la Camera di Commercio di Torino (1964-1972), il Teatro Regio (1965-73) sono negli scaffali dell\u2019archivio. Molti sono gli schizzi di arredi, per abitazioni private come per  locali pubblici, o di oggetti di design. Altro sono gli elaborati e gli scritti per il Piano Regolatore di Moncalieri (1940-41) o di Sauze d\u2019Oulx (1965-69). Nei modelli lignei, ancora conservati per qualche realizzazione, l\u2019architettura disegnata si concretizza interpretando nello spazio l\u2019idea di Mollino.<\/p>\n<p>Dopo i primi tentativi di riordino del materiale pervenuto alla Biblioteca, confluiti in letture critiche del patrimonio disponibile, sono avviati altri progetti di catalogazione che hanno condotto alla redazione di un repertorio informatizzato attualmente consultabile tramite il World Wide Web. Uno strumento, con l\u2019archivio cartaceo, che appare ancora pi\u00f9 prezioso considerando il singolare destino di molte opere molliniane, abbandonate o distrutte. Il fondo \u00e8 composto dalla documentazione conservata presso lo studio professionale di Eugenio e Carlo Mollino.<\/p>\n","protected":false},"excerpt":{"rendered":"<p>Figura di spicco nella storia e nella cultura architettonica del Novecento, Carlo Mollino (1905-1973) \u00e8 autore di case d\u2019abitazione, negozi, alberghi, stabilimenti industriali, complessi sportivi. Una molteplicit\u00e0 di soggetti che [&hellip;]<\/p>\n","protected":false},"author":4,"featured_media":0,"parent":2238,"menu_order":10,"comment_status":"closed","ping_status":"closed","template":"page_fullwidth.php","meta":{"footnotes":""},"class_list":["post-3554","page","type-page","status-publish","hentry"],"_links":{"self":[{"href":"https:\/\/castellodelvalentino.polito.it\/index.php?rest_route=\/wp\/v2\/pages\/3554","targetHints":{"allow":["GET"]}}],"collection":[{"href":"https:\/\/castellodelvalentino.polito.it\/index.php?rest_route=\/wp\/v2\/pages"}],"about":[{"href":"https:\/\/castellodelvalentino.polito.it\/index.php?rest_route=\/wp\/v2\/types\/page"}],"author":[{"embeddable":true,"href":"https:\/\/castellodelvalentino.polito.it\/index.php?rest_route=\/wp\/v2\/users\/4"}],"replies":[{"embeddable":true,"href":"https:\/\/castellodelvalentino.polito.it\/index.php?rest_route=%2Fwp%2Fv2%2Fcomments&post=3554"}],"version-history":[{"count":1,"href":"https:\/\/castellodelvalentino.polito.it\/index.php?rest_route=\/wp\/v2\/pages\/3554\/revisions"}],"predecessor-version":[{"id":3555,"href":"https:\/\/castellodelvalentino.polito.it\/index.php?rest_route=\/wp\/v2\/pages\/3554\/revisions\/3555"}],"up":[{"embeddable":true,"href":"https:\/\/castellodelvalentino.polito.it\/index.php?rest_route=\/wp\/v2\/pages\/2238"}],"wp:attachment":[{"href":"https:\/\/castellodelvalentino.polito.it\/index.php?rest_route=%2Fwp%2Fv2%2Fmedia&parent=3554"}],"curies":[{"name":"wp","href":"https:\/\/api.w.org\/{rel}","templated":true}]}}