{"id":43,"date":"2015-06-05T11:38:24","date_gmt":"2014-10-20T12:35:27","guid":{"rendered":"http:\/\/www.ondequadre.polito.it\/wp\/?page_id=43"},"modified":"2015-06-09T16:45:17","modified_gmt":"2015-06-09T14:45:17","slug":"architetti","status":"publish","type":"page","link":"https:\/\/castellodelvalentino.polito.it\/?page_id=43","title":{"rendered":"Architetti"},"content":{"rendered":"<h2><span style=\"color: #007cc3;\">Carlo di Castellamonte<\/span><\/h2>\n<p>Figlio di Cesare conte di Castellamonte della linea di Cognengo, Carlo nasce a Castellamonte, in Canavese, nel 1571 e si spegne a Torino nel 1641. Aristocratico piemontese professionalmente attivo in architettura, collabora con Ascanio Vitozzi (1539-1615), ingegnere militare a servizio del duca di Savoia, impegnato nella costruzione della capitale. I suoi primi lavori, accanto a Vitozzi, gli permettono di sviluppare una solida esperienza che gli consentir\u00e0 di misurarsi con progetti per grandi fabbriche, incarichi spesso alternati alle commissioni per ville, palazzi, chiese e cappelle.<\/p>\n<p>Ingegnere militare, Luogotenente Generale di Artiglieria, si occupa di fortificazioni realizzate nei territori del ducato sabaudo, dalla Savoia al Piemonte alla contea di Nizza, lavorando a nuove edificazioni o a perizie di valutazione dell\u2019esistente. Le carte d\u2019archivio documentano la presenza di Carlo ad Asti, Acqui, Verrua, Avigliana, Demonte, Vercelli, Trino, Santhi\u00e0, un lungo elenco di luoghi in cui figurano, ripetute, anche Nizza e Montmelian. Architetto, firma le chiesa di Santa Maria al Monte dei Cappuccini a Torino dove segue anche i cantieri delle residenze sabaude di Mirafiori (non pi\u00f9 esistente), Rivoli, Moncalieri e del Valentino, per cui sigla la prima trasformazione in maison de plaisance. <\/p>\n<p>Nella capitale partecipa ai lavori, prima coordinati da Vitozzi, per la trasformazione della zona centrale della citt\u00e0, occupandosi della Citt\u00e0 nuova, primo ampliamento verso meridione qualificato, al centro, da piazza San Carlo, poi compiuta dal figlio Amedeo.<\/p>\n<hr \/>\n<h2><span style=\"color: #007cc3;\">Amedeo di Castellamonte<\/span><\/h2>\n<p>Amedeo di Castellamonte, figlio di Carlo, nasce a Torino nel 1613 e vi muore all\u2019et\u00e0 di settant\u2019anni, nel 1683. Avviato agli studi giuridici, conseguita la laurea in legge, si avvicina subito all\u2019architettura, formandosi a Roma e a Torino dove, accanto al padre, segue i pi\u00f9 importanti cantieri sabaudi, diventando poi l\u2019architetto prediletto da Carlo Emanuele II. Molti sono i ruoli di prestigio assunti da Amedeo, nominato Ingegnere ducale nel 1639, Architetto di Sua Altezza nel 1646, Sovrintendente Generale delle Fabbriche e Fortificazioni e Consigliere di Stato nel 1659, Luogotenente Generale di Artiglieria nel 1667 e Primo Ingegnere di Sua Altezza Reale nel 1678.<\/p>\n<p>La sua attivit\u00e0 si estende dal disegno della Citt\u00e0 nuova orientale, verso il Po e la collina, a non pochi cantieri militari, ad architetture civili e religiose e alla nota Reggia di Diana, la palazzina di caccia costruita a Venaria Reale, tracciata come parte di un unico progetto comprendente il borgo, il palazzo e i giardini. Alcune opere sono attuate in collaborazione con il padre Carlo o proseguendo il suo impegno. \u00c8 il caso del palazzo del Valentino in cui Amedeo completa il pavillon-syst\u00e8me francese innalzando due nuovi padiglioni verso la citt\u00e0, pi\u00f9 bassi di un piano rispetto alle torri sul Po, raccordati da portici terrazzati a un solo piano in forma di esedra semicircolare.<\/p>\n<hr \/>\n<h2><span style=\"color: #007cc3;\">Domenico Ferri<\/span><\/h2>\n<p>Domenico Ferri nasce a Serra Malvezzi, in provincia di Bologna, da Giovanni e Giovanna Gulini nel 1795. Allievo di Francesco Cocchi e Antonio Basoli all\u2019Accademia di Belle Arti di Bologna, inizia la sua carriera al Teatro Comunale della stessa citt\u00e0, diventando poi \u00abpeintre d\u00e9corateur\u00bb al The\u00e2tre Royal Italien di Parigi, carica che mantiene dal 1828 al 1851. Alla met\u00e0 del secolo \u00e8 chiamato da Vittorio Emanuele II a Torino per assumere l\u2019incarico di insegnante all\u2019Accademia Albertina di Belle Arti e di decoratore dei Reali Palazzi, succedendo a Pelagio Palagi.<\/p>\n<p>Alle prime commissioni ufficiali per il restauro e la decorazione del castello di Moncalieri e dell\u2019appartamento di Madama Felicita nel Palazzo Reale di Torino, seguono interventi in alcuni ambienti della Palazzina di Caccia di Stupinigi. Nel 1857 progetta l\u2019ampliamento del Castello del Valentino, voluto da Cavour come sede della Sesta Esposizione nazionale dei prodotti di industria e, nel periodo dell\u2019Unificazione nazionale, si occupa della nuova aula per il Parlamento italiano a Palazzo Carignano.<\/p>\n<p>Negli anni Sessanta lavora a Torino, responsabile del rifacimento dello scalone di Palazzo Reale, e in Toscana, dove \u00e8 presente nelle ville di Poggio a Caiano, di Petraia e di San Rossore, luoghi di residenza e villeggiatura sabauda dal secondo Ottocento. Ferri si spegne a Torino il 7 giugno 1878.<\/p>\n<hr \/>\n<p>All\u2019indomani delle trasformazioni attuate in occasione della Sesta Esposizione nazionale dei prodotti di industria, molti sono i nomi degli ingegneri e degli architetti, perlopi\u00f9 legati alla scuola politecnica torinese, che firmano progetti per il Castello del Valentino, proponendo soluzioni capaci di rispondere alle necessit\u00e0 dettate dalla ricerca e dalla didattica del Politecnico di Torino.<\/p>\n","protected":false},"excerpt":{"rendered":"<p>Carlo di Castellamonte Figlio di Cesare conte di Castellamonte della linea di Cognengo, Carlo nasce a Castellamonte, in Canavese, nel 1571 e si spegne a Torino nel 1641. Aristocratico piemontese [&hellip;]<\/p>\n","protected":false},"author":4,"featured_media":2684,"parent":31,"menu_order":3,"comment_status":"closed","ping_status":"open","template":"page_fullwidth.php","meta":{"footnotes":""},"class_list":["post-43","page","type-page","status-publish","has-post-thumbnail","hentry"],"_links":{"self":[{"href":"https:\/\/castellodelvalentino.polito.it\/index.php?rest_route=\/wp\/v2\/pages\/43","targetHints":{"allow":["GET"]}}],"collection":[{"href":"https:\/\/castellodelvalentino.polito.it\/index.php?rest_route=\/wp\/v2\/pages"}],"about":[{"href":"https:\/\/castellodelvalentino.polito.it\/index.php?rest_route=\/wp\/v2\/types\/page"}],"author":[{"embeddable":true,"href":"https:\/\/castellodelvalentino.polito.it\/index.php?rest_route=\/wp\/v2\/users\/4"}],"replies":[{"embeddable":true,"href":"https:\/\/castellodelvalentino.polito.it\/index.php?rest_route=%2Fwp%2Fv2%2Fcomments&post=43"}],"version-history":[{"count":13,"href":"https:\/\/castellodelvalentino.polito.it\/index.php?rest_route=\/wp\/v2\/pages\/43\/revisions"}],"predecessor-version":[{"id":4354,"href":"https:\/\/castellodelvalentino.polito.it\/index.php?rest_route=\/wp\/v2\/pages\/43\/revisions\/4354"}],"up":[{"embeddable":true,"href":"https:\/\/castellodelvalentino.polito.it\/index.php?rest_route=\/wp\/v2\/pages\/31"}],"wp:featuredmedia":[{"embeddable":true,"href":"https:\/\/castellodelvalentino.polito.it\/index.php?rest_route=\/wp\/v2\/media\/2684"}],"wp:attachment":[{"href":"https:\/\/castellodelvalentino.polito.it\/index.php?rest_route=%2Fwp%2Fv2%2Fmedia&parent=43"}],"curies":[{"name":"wp","href":"https:\/\/api.w.org\/{rel}","templated":true}]}}