{"id":45,"date":"2014-10-20T14:35:45","date_gmt":"2014-10-20T12:35:45","guid":{"rendered":"http:\/\/www.ondequadre.polito.it\/wp\/?page_id=45"},"modified":"2015-03-09T17:36:00","modified_gmt":"2015-03-09T16:36:00","slug":"asse-del-po","status":"publish","type":"page","link":"https:\/\/castellodelvalentino.polito.it\/?page_id=45","title":{"rendered":"Asse del Po"},"content":{"rendered":"<h2><span style=\"color: #007cc3;\">Polo della Cultura e Campus dell\u2019Architettura e del Design<\/span><\/h2>\n<p style=\"text-align:right; margin-right:7px;\"><a href=\"https:\/\/castellodelvalentino.polito.it\/?page_id=3092#assepo\" target=\"_blank\"><i class=\"fa fa-video-camera [\uf03d]\" style=\"font-size:200%;\"><\/i><\/a><\/p>\n<h3><strong>Ipotesi di recupero e rifunzionalizzazione del complesso di Torino Esposizioni<\/strong><\/h3>\n<p>Il progetto di rifunzionalizzazione del plesso di Torino Esposizioni nasce dall\u2019occasione di realizzare uno <strong>Spazio pubblico e culturale che integra<\/strong> una nuova Biblioteca Civica ripensata in rapporto a modelli europei pi\u00f9 evoluti, e le attivit\u00e0 di formazione e di ricerca avanzata proprie del Politecnico di Torino.<br \/>\nL\u2019intervento \u00e8 concepito come uno spazio aperto alla citt\u00e0 e alla <strong>molteplicit\u00e0 dei suoi fruitori, fulcro di connessione di un sistema culturale<\/strong> della citt\u00e0 in parte oggi frammentato, che lega in una straordinaria cornice ambientale, presenze di eccezionale valore architettonico e paesaggistico:<br \/>\n1. Il Parco Storico del Valentino, il cui progetto originario risale al 1865 e che fu successivamente al 1912 ampliato anche per consentire l\u2019inserimento dei grandi contenitori espositivi permanenti.<br \/>\n2. Il Castello del Valentino, gi\u00e0 riconosciuto come patrimonio dell\u2019Unesco e nodo del sistema delle Residenze sabaude.<br \/>\n3. Il Palazzo di Torino Esposizioni, esempio del moderno riconosciuto a livello mondiale e di valore tale da meritare di essere incluso esso stesso nella World Heritage List.<br \/>\nSi presenta dunque l\u2019occasione per il <strong>ridisegno complessivo di un tassello urbano strategico per la citt\u00e0<\/strong>, soprattutto per la sua stretta relazione con l\u2019asse fluviale. L\u2019opportunit\u00e0 dell\u2019intervento va definita in relazione alle grandi strategie territoriali, in particolare rispetto al sistema dell\u2019ambiente e a quello universitario.<br \/>\nUn\u2019occasione emblematica di come un singolo progetto possa, in una visione unitaria, assumere una valenza strategica a scala urbana, grazie alla sua capacit\u00e0 di integrare le risorse e le politiche territoriali e culturali della Citt\u00e0 con quelle di formazione e ricerca dell\u2019Universit\u00e0 e del Politecnico.<\/p>\n<div data-carousel-extra='{\"blog_id\":1,\"permalink\":\"https:\\\/\\\/castellodelvalentino.polito.it\\\/?page_id=45\"}' class=\"tiled-gallery type-rectangular\" data-original-width=\"1140\"><div class=\"gallery-row\" style=\"width: 1135px; height: 189px;\"><div class=\"gallery-group images-1\" style=\"width: 369px; height: 193px;\"><div class=\"tiled-gallery-item tiled-gallery-item-large\"><a href=\"https:\/\/castellodelvalentino.polito.it\/?attachment_id=1357\"><img loading=\"lazy\" decoding=\"async\" data-attachment-id=\"1357\" data-orig-file=\"https:\/\/castellodelvalentino.polito.it\/wp-content\/uploads\/2014\/10\/mp_premessa_01.jpg\" data-orig-size=\"690,357\" data-comments-opened=\"0\" data-image-meta=\"{&quot;aperture&quot;:&quot;0&quot;,&quot;credit&quot;:&quot;&quot;,&quot;camera&quot;:&quot;&quot;,&quot;caption&quot;:&quot;&quot;,&quot;created_timestamp&quot;:&quot;0&quot;,&quot;copyright&quot;:&quot;&quot;,&quot;focal_length&quot;:&quot;0&quot;,&quot;iso&quot;:&quot;0&quot;,&quot;shutter_speed&quot;:&quot;0&quot;,&quot;title&quot;:&quot;&quot;,&quot;orientation&quot;:&quot;0&quot;}\" data-image-title=\"mp_premessa_01\" data-image-description=\"\" data-medium-file=\"https:\/\/castellodelvalentino.polito.it\/wp-content\/uploads\/2014\/10\/mp_premessa_01-300x155.jpg\" data-large-file=\"https:\/\/castellodelvalentino.polito.it\/wp-content\/uploads\/2014\/10\/mp_premessa_01.jpg\" src=\"https:\/\/castellodelvalentino.polito.it\/wp-content\/uploads\/2014\/10\/mp_premessa_01-365x189.jpg\" width=\"365\" height=\"189\" align=\"left\" title=\"mp_premessa_01\" \/><\/a><\/div><\/div><div class=\"gallery-group images-1\" style=\"width: 395px; height: 193px;\"><div class=\"tiled-gallery-item tiled-gallery-item-large\"><a href=\"https:\/\/castellodelvalentino.polito.it\/?attachment_id=1358\"><img loading=\"lazy\" decoding=\"async\" data-attachment-id=\"1358\" data-orig-file=\"https:\/\/castellodelvalentino.polito.it\/wp-content\/uploads\/2014\/10\/mp_premessa_02.jpg\" data-orig-size=\"690,334\" data-comments-opened=\"0\" data-image-meta=\"{&quot;aperture&quot;:&quot;0&quot;,&quot;credit&quot;:&quot;&quot;,&quot;camera&quot;:&quot;&quot;,&quot;caption&quot;:&quot;&quot;,&quot;created_timestamp&quot;:&quot;0&quot;,&quot;copyright&quot;:&quot;&quot;,&quot;focal_length&quot;:&quot;0&quot;,&quot;iso&quot;:&quot;0&quot;,&quot;shutter_speed&quot;:&quot;0&quot;,&quot;title&quot;:&quot;&quot;,&quot;orientation&quot;:&quot;0&quot;}\" data-image-title=\"mp_premessa_02\" data-image-description=\"\" data-medium-file=\"https:\/\/castellodelvalentino.polito.it\/wp-content\/uploads\/2014\/10\/mp_premessa_02-300x145.jpg\" data-large-file=\"https:\/\/castellodelvalentino.polito.it\/wp-content\/uploads\/2014\/10\/mp_premessa_02.jpg\" src=\"https:\/\/castellodelvalentino.polito.it\/wp-content\/uploads\/2014\/10\/mp_premessa_02-391x189.jpg\" width=\"391\" height=\"189\" align=\"left\" title=\"mp_premessa_02\" \/><\/a><\/div><\/div><div class=\"gallery-group images-1\" style=\"width: 371px; height: 193px;\"><div class=\"tiled-gallery-item tiled-gallery-item-large\"><a href=\"https:\/\/castellodelvalentino.polito.it\/?attachment_id=1359\"><img loading=\"lazy\" decoding=\"async\" data-attachment-id=\"1359\" data-orig-file=\"https:\/\/castellodelvalentino.polito.it\/wp-content\/uploads\/2014\/10\/mp_premessa_03.jpg\" data-orig-size=\"690,356\" data-comments-opened=\"0\" data-image-meta=\"{&quot;aperture&quot;:&quot;0&quot;,&quot;credit&quot;:&quot;&quot;,&quot;camera&quot;:&quot;&quot;,&quot;caption&quot;:&quot;&quot;,&quot;created_timestamp&quot;:&quot;0&quot;,&quot;copyright&quot;:&quot;&quot;,&quot;focal_length&quot;:&quot;0&quot;,&quot;iso&quot;:&quot;0&quot;,&quot;shutter_speed&quot;:&quot;0&quot;,&quot;title&quot;:&quot;&quot;,&quot;orientation&quot;:&quot;0&quot;}\" data-image-title=\"mp_premessa_03\" data-image-description=\"\" data-medium-file=\"https:\/\/castellodelvalentino.polito.it\/wp-content\/uploads\/2014\/10\/mp_premessa_03-300x154.jpg\" data-large-file=\"https:\/\/castellodelvalentino.polito.it\/wp-content\/uploads\/2014\/10\/mp_premessa_03.jpg\" src=\"https:\/\/castellodelvalentino.polito.it\/wp-content\/uploads\/2014\/10\/mp_premessa_03-367x189.jpg\" width=\"367\" height=\"189\" align=\"left\" title=\"mp_premessa_03\" \/><\/a><\/div><\/div><\/div><div class=\"gallery-row\" style=\"width: 1135px; height: 626px;\"><div class=\"gallery-group images-1\" style=\"width: 1135px; height: 630px;\"><div class=\"tiled-gallery-item tiled-gallery-item-large\"><a href=\"https:\/\/castellodelvalentino.polito.it\/?attachment_id=1360\"><img loading=\"lazy\" decoding=\"async\" data-attachment-id=\"1360\" data-orig-file=\"https:\/\/castellodelvalentino.polito.it\/wp-content\/uploads\/2014\/10\/mp_premessa_04.jpg\" data-orig-size=\"690,382\" data-comments-opened=\"0\" data-image-meta=\"{&quot;aperture&quot;:&quot;0&quot;,&quot;credit&quot;:&quot;&quot;,&quot;camera&quot;:&quot;&quot;,&quot;caption&quot;:&quot;&quot;,&quot;created_timestamp&quot;:&quot;0&quot;,&quot;copyright&quot;:&quot;&quot;,&quot;focal_length&quot;:&quot;0&quot;,&quot;iso&quot;:&quot;0&quot;,&quot;shutter_speed&quot;:&quot;0&quot;,&quot;title&quot;:&quot;&quot;,&quot;orientation&quot;:&quot;0&quot;}\" data-image-title=\"mp_premessa_04\" data-image-description=\"\" data-medium-file=\"https:\/\/castellodelvalentino.polito.it\/wp-content\/uploads\/2014\/10\/mp_premessa_04-300x166.jpg\" data-large-file=\"https:\/\/castellodelvalentino.polito.it\/wp-content\/uploads\/2014\/10\/mp_premessa_04.jpg\" src=\"https:\/\/castellodelvalentino.polito.it\/wp-content\/uploads\/2014\/10\/mp_premessa_04.jpg\" width=\"1131\" height=\"626\" align=\"left\" title=\"mp_premessa_04\" \/><\/a><\/div><\/div><\/div><\/div>\n<hr \/>\n<h2><a href=\".\/?page_id=1351\">Cenni Storici<\/a><\/h2>\n<h2><a href=\".\/?page_id=1363\">Contesto urbano<\/a><\/h2>\n<h2><a href=\".\/?page_id=1380\">Inquadramento urbanistico<\/a><\/h2>\n<h2><a href=\".\/?page_id=1391\">Vincoli e prescrizioni<\/a><\/h2>\n<h2><a href=\".\/?page_id=1393%20\">Planimetria generale<\/a><\/h2>\n","protected":false},"excerpt":{"rendered":"<p>Polo della Cultura e Campus dell\u2019Architettura e del Design Ipotesi di recupero e rifunzionalizzazione del complesso di Torino Esposizioni Il progetto di rifunzionalizzazione del plesso di Torino Esposizioni nasce dall\u2019occasione [&hellip;]<\/p>\n","protected":false},"author":4,"featured_media":2690,"parent":31,"menu_order":6,"comment_status":"closed","ping_status":"open","template":"page_fullwidth.php","meta":{"footnotes":""},"class_list":["post-45","page","type-page","status-publish","has-post-thumbnail","hentry"],"_links":{"self":[{"href":"https:\/\/castellodelvalentino.polito.it\/index.php?rest_route=\/wp\/v2\/pages\/45","targetHints":{"allow":["GET"]}}],"collection":[{"href":"https:\/\/castellodelvalentino.polito.it\/index.php?rest_route=\/wp\/v2\/pages"}],"about":[{"href":"https:\/\/castellodelvalentino.polito.it\/index.php?rest_route=\/wp\/v2\/types\/page"}],"author":[{"embeddable":true,"href":"https:\/\/castellodelvalentino.polito.it\/index.php?rest_route=\/wp\/v2\/users\/4"}],"replies":[{"embeddable":true,"href":"https:\/\/castellodelvalentino.polito.it\/index.php?rest_route=%2Fwp%2Fv2%2Fcomments&post=45"}],"version-history":[{"count":37,"href":"https:\/\/castellodelvalentino.polito.it\/index.php?rest_route=\/wp\/v2\/pages\/45\/revisions"}],"predecessor-version":[{"id":3238,"href":"https:\/\/castellodelvalentino.polito.it\/index.php?rest_route=\/wp\/v2\/pages\/45\/revisions\/3238"}],"up":[{"embeddable":true,"href":"https:\/\/castellodelvalentino.polito.it\/index.php?rest_route=\/wp\/v2\/pages\/31"}],"wp:featuredmedia":[{"embeddable":true,"href":"https:\/\/castellodelvalentino.polito.it\/index.php?rest_route=\/wp\/v2\/media\/2690"}],"wp:attachment":[{"href":"https:\/\/castellodelvalentino.polito.it\/index.php?rest_route=%2Fwp%2Fv2%2Fmedia&parent=45"}],"curies":[{"name":"wp","href":"https:\/\/api.w.org\/{rel}","templated":true}]}}