{"id":5214,"date":"2025-03-27T14:26:23","date_gmt":"2025-03-27T13:26:23","guid":{"rendered":"https:\/\/castellodelvalentino.polito.it\/?page_id=5214"},"modified":"2025-04-01T16:31:19","modified_gmt":"2025-04-01T14:31:19","slug":"comunita-politecnica","status":"publish","type":"page","link":"https:\/\/castellodelvalentino.polito.it\/?page_id=5214","title":{"rendered":"Comunit\u00e0 politecnica"},"content":{"rendered":"\n<p>I componenti della comunit\u00e0 politecnica possono avvalersi di modalit\u00e0 diverse di visita al castello:&nbsp;<\/p>\n\n\n\n<ul class=\"wp-block-list\">\n<li>Delegazioni istituzionali, gruppi di ricerca e ospiti del Politecnico: i responsabili dell\u2019iniziativa possono chiedere visite guidate, preferibilmente dopo le 17:30 o il sabato mattina, per non interferire con le attivit\u00e0 ordinarie del Castello. In casi eccezionali, e comunque compatibilmente con la disponibilit\u00e0 del personale preposto alla conduzione delle visite e degli spazi, \u00e8 possibile concordare la visita in altri momenti. \u00c8 anche possibile richiedere, per specifiche esigenze di ricerca o didattiche, l\u2019accesso a spazi del Politecnico normalmente preclusi alla visita: le possibili soluzioni di visita saranno di volta in volta valutate e concordate. Le richieste vanno inviate tramite il form pubblicato su questa pagina; la risposta avverr\u00e0 entro 5 giorni lavorativi. I gruppi saranno composti da un massimo di 30 persone (includendo sia gli ospiti sia il personale promotore dell\u2019iniziativa). Le visite durano un\u2019ora circa; \u00e8 possibile prevedere visite di mezz\u2019ora. Su richiesta, \u00e8 possibile effettuare la visita in lingua inglese, francese, spagnolo. L\u2019accesso avviene da Viale Pier Andrea Mattioli 39.&nbsp;<\/li>\n<\/ul>\n\n\n\n<ul class=\"wp-block-list\">\n<li>Studenti del Politecnico e dei corsi di studio interateneo: sono previste alcune date di visita specificamente dedicate alla comunit\u00e0 studentesca, con modalit\u00e0 che saranno via via indicate nella home page e comunicate con i canali istituzionali.&nbsp;<\/li>\n<\/ul>\n\n\n\n<ul class=\"wp-block-list\">\n<li>Docenti e personale del Politecnico: sono invitati a seguire, per le visite personali e con le proprie famiglie, le modalit\u00e0 di prenotazione per i visitatori singoli ma, nel caso di esigenze particolari, possono comunque contattare la segreteria del Castello. Saranno tuttavia previste anche alcune date di visita specificamente dedicate, con modalit\u00e0 che saranno via via indicate nella home page e comunicate con i canali istituzionali.<\/li>\n<\/ul>\n\n\n\n<div class=\"wp-block-buttons is-layout-flex wp-block-buttons-is-layout-flex\">\n<div class=\"wp-block-button\"><a class=\"wp-block-button__link has-white-color has-text-color has-link-color wp-element-button\" href=\"https:\/\/forms.office.com\/Pages\/ResponsePage.aspx?id=kqwFKkkgJkqbNIl3Y-_I4oby_MFx0Z5OhFeyqGkj0ttURDZMNFVMVUlKSVlON1BPVlk0VVZLSEtHMy4u\" style=\"border-radius:0px\" target=\"_blank\" rel=\" noreferrer noopener nofollow\">Modulo di prenotazione per la Comunit\u00e0 politecnica<\/a><\/div>\n<\/div>\n","protected":false},"excerpt":{"rendered":"<p>I componenti della comunit\u00e0 politecnica possono avvalersi di modalit\u00e0 diverse di visita al castello:&nbsp;<\/p>\n","protected":false},"author":4,"featured_media":0,"parent":935,"menu_order":0,"comment_status":"closed","ping_status":"closed","template":"page_fullwidth.php","meta":{"footnotes":""},"class_list":["post-5214","page","type-page","status-publish","hentry"],"_links":{"self":[{"href":"https:\/\/castellodelvalentino.polito.it\/index.php?rest_route=\/wp\/v2\/pages\/5214","targetHints":{"allow":["GET"]}}],"collection":[{"href":"https:\/\/castellodelvalentino.polito.it\/index.php?rest_route=\/wp\/v2\/pages"}],"about":[{"href":"https:\/\/castellodelvalentino.polito.it\/index.php?rest_route=\/wp\/v2\/types\/page"}],"author":[{"embeddable":true,"href":"https:\/\/castellodelvalentino.polito.it\/index.php?rest_route=\/wp\/v2\/users\/4"}],"replies":[{"embeddable":true,"href":"https:\/\/castellodelvalentino.polito.it\/index.php?rest_route=%2Fwp%2Fv2%2Fcomments&post=5214"}],"version-history":[{"count":2,"href":"https:\/\/castellodelvalentino.polito.it\/index.php?rest_route=\/wp\/v2\/pages\/5214\/revisions"}],"predecessor-version":[{"id":5219,"href":"https:\/\/castellodelvalentino.polito.it\/index.php?rest_route=\/wp\/v2\/pages\/5214\/revisions\/5219"}],"up":[{"embeddable":true,"href":"https:\/\/castellodelvalentino.polito.it\/index.php?rest_route=\/wp\/v2\/pages\/935"}],"wp:attachment":[{"href":"https:\/\/castellodelvalentino.polito.it\/index.php?rest_route=%2Fwp%2Fv2%2Fmedia&parent=5214"}],"curies":[{"name":"wp","href":"https:\/\/api.w.org\/{rel}","templated":true}]}}