{"id":935,"date":"2015-06-12T15:01:33","date_gmt":"2015-06-12T13:01:33","guid":{"rendered":"http:\/\/www.ondequadre.polito.it\/wp\/?page_id=935"},"modified":"2025-04-01T16:35:30","modified_gmt":"2025-04-01T14:35:30","slug":"prenotazioni","status":"publish","type":"page","link":"https:\/\/castellodelvalentino.polito.it\/?page_id=935","title":{"rendered":"Apertura al pubblico &#8211; Prenotazioni visite guidate"},"content":{"rendered":"\n<p>Il Castello del Valentino, sede storica del Politecnico di Torino fin dalla sua fondazione, \u00e8 quotidianamente abitato dagli studenti, dai docenti e dal personale che lavorano nei Dipartimenti di Architettura e Design e di Scienze, Politiche e Progetto del Territorio.<\/p>\n\n\n\n<p>La comunit\u00e0 politecnica apre le sue porte, mediante visite guidate gratuite, il sabato mattina, con un itinerario di un\u2019ora che prevede la visita delle stanze auliche del piano nobile, la sala delle colonne e la cappella al piano terreno.<\/p>\n\n\n\n<p>La visita pu\u00f2 avvenire solo in gruppi accompagnati; \u00e8 necessaria la prenotazione secondo le modalit\u00e0 sotto indicate.<\/p>\n\n\n\n<p>La visita \u00e8 esclusivamente commentata da studiosi esperti in storia dell\u2019architettura appartenenti alla comunit\u00e0 politecnica, che illustreranno i principali aspetti storici, artistici e istituzionali del Castello.<\/p>\n\n\n\n<div style=\"height:var(--wp--preset--spacing--80)\" aria-hidden=\"true\" class=\"wp-block-spacer\"><\/div>\n\n\n\n<div class=\"wp-block-columns are-vertically-aligned-center is-layout-flex wp-container-core-columns-is-layout-1 wp-block-columns-is-layout-flex\">\n<div class=\"wp-block-column is-vertically-aligned-center is-layout-flow wp-block-column-is-layout-flow\">\n<a href=\"\/?page_id=5194\"><span class=\"service-icon wow zoomInDown\"><i class=\"fa fa-camera [\uf1d8]\"> <\/i><\/span><\/a>\n\n\n\n<h4 class=\"wp-block-heading has-text-align-center service-title wow fadeInUp\"><a href=\"\/?page_id=5194\" data-type=\"page\" data-id=\"5218\">VISITATORI SINGOLI E FAMIGLIE<\/a><\/h4>\n<\/div>\n\n\n\n<div class=\"wp-block-column is-vertically-aligned-center is-layout-flow wp-block-column-is-layout-flow\">\n<a href=\"\/?page_id=5208\"><span class=\"service-icon wow zoomInDown\"><i class=\"fa fa-group (alias) [\uf0c0]\"> <\/i><\/span><\/a>\n\n\n\n<h4 class=\"wp-block-heading has-text-align-center service-title wow fadeInUp\" style=\"text-transform:uppercase\"><a href=\"\/?page_id=5208\" data-type=\"page\" data-id=\"5225\">GRUPPI ORGANIZZATI (15-30 PARTECIPANTI)<\/a><\/h4>\n<\/div>\n\n\n\n<div class=\"wp-block-column is-vertically-aligned-center is-layout-flow wp-block-column-is-layout-flow\">\n<a href=\"\/?page_id=5214\"><span class=\"service-icon wow zoomInDown\"><i class=\"fa fa-user [\uf0ea]\"> <\/i><\/span><\/a>\n\n\n\n<h4 class=\"wp-block-heading has-text-align-center service-title wow fadeInUp\" style=\"text-transform:uppercase\"><a href=\"\/?page_id=5214\" data-type=\"page\" data-id=\"5229\">Comunit\u00e0 Politecnica<\/a><\/h4>\n<\/div>\n<\/div>\n\n\n\n<div style=\"height:var(--wp--preset--spacing--60)\" aria-hidden=\"true\" class=\"wp-block-spacer\"><\/div>\n\n\n\n<h2 class=\"wp-block-heading\"><strong>REGOLAMENTO DI VISITA<\/strong><\/h2>\n\n\n\n<p>All\u2019ingresso, ogni visitatore sar\u00e0 sottoposto ai necessari controlli di sicurezza.<\/p>\n\n\n\n<p>Non \u00e8 consentito:<\/p>\n\n\n\n<ul class=\"wp-block-list\">\n<li>introdurre valigie, trolley, sacche, zaini, bottiglie di plastica o vetro, lattine, ombrelli, oggetti appuntiti, taglienti o contundenti (non \u00e8 previsto servizio di guardaroba);\u202f<\/li>\n\n\n\n<li>uscire dai percorsi indicati;<\/li>\n\n\n\n<li>toccare gli arredi e le opere;<\/li>\n\n\n\n<li>fumare (anche sigarette elettroniche).<\/li>\n<\/ul>\n\n\n\n<p>\u00c9 possibile accedere al piano nobile con il proprio cane o altro animale di affezione di piccola taglia utilizzando un trasportino portato a mano o a spalla.<\/p>\n\n\n\n<p>\u00c9 possibile introdurre passeggini e carrozzine per bambini. <\/p>\n\n\n\n<p>I minori devono essere sempre accompagnati da un adulto, che ne assume la piena responsabilit\u00e0 durante l\u2019intera visita.<\/p>\n\n\n\n<p>\u00c8 necessario rispettare le indicazioni generali riportate sulla segnaletica.<\/p>\n\n\n\n<p>\u00c8 consentito scattare fotografie per uso personale non commerciale.<\/p>\n\n\n\n<h2 class=\"wp-block-heading\"><strong>Modalit\u00e0 di accesso per persone con disabilit\u00e0<\/strong><\/h2>\n\n\n\n<p>Per garantire un\u2019esperienza di visita accessibile a tutti, vi invitiamo a segnalare eventuali esigenze specifiche legate alla disabilit\u00e0 all\u2019arrivo al Castello, prima dell\u2019inizio della visita.<\/p>\n\n\n\n<p>Durante il percorso \u00e8 possibile utilizzare ascensori e altri mezzi idonei a superare le barriere architettoniche.<\/p>\n\n\n\n<p>Per l\u2019attraversamento del cortile interno potrebbero sussistere problemi negli spostamenti con carrozzine, data la presenza del pav\u00e9. \u00c8 previsto un accesso alternativo al piano nobile.<\/p>\n\n\n\n<p>Su richiesta, sono disponibili maquette e tavole tattili per ipovedenti e non vedenti.<\/p>\n\n\n\n<h2 class=\"wp-block-heading\"><strong>Chiusure<\/strong><\/h2>\n\n\n\n<p>Il Castello del Valentino, in quanto sede del Politecnico di Torino, segue il calendario di chiusura dell\u2019Ateneo. In via ordinaria, il Castello sar\u00e0 chiuso nel periodo delle festivit\u00e0 natalizie e pasquali, il 24 giugno, le due settimane centrali di agosto e durante le festivit\u00e0 nazionali.<\/p>\n","protected":false},"excerpt":{"rendered":"<p>Il Castello del Valentino, sede storica del Politecnico di Torino fin dalla sua fondazione, \u00e8 quotidianamente abitato dagli studenti, dai docenti e dal personale che lavorano nei Dipartimenti di Architettura [&hellip;]<\/p>\n","protected":false},"author":4,"featured_media":2928,"parent":924,"menu_order":2,"comment_status":"closed","ping_status":"closed","template":"page_fullwidth.php","meta":{"footnotes":""},"class_list":["post-935","page","type-page","status-publish","has-post-thumbnail","hentry"],"_links":{"self":[{"href":"https:\/\/castellodelvalentino.polito.it\/index.php?rest_route=\/wp\/v2\/pages\/935","targetHints":{"allow":["GET"]}}],"collection":[{"href":"https:\/\/castellodelvalentino.polito.it\/index.php?rest_route=\/wp\/v2\/pages"}],"about":[{"href":"https:\/\/castellodelvalentino.polito.it\/index.php?rest_route=\/wp\/v2\/types\/page"}],"author":[{"embeddable":true,"href":"https:\/\/castellodelvalentino.polito.it\/index.php?rest_route=\/wp\/v2\/users\/4"}],"replies":[{"embeddable":true,"href":"https:\/\/castellodelvalentino.polito.it\/index.php?rest_route=%2Fwp%2Fv2%2Fcomments&post=935"}],"version-history":[{"count":109,"href":"https:\/\/castellodelvalentino.polito.it\/index.php?rest_route=\/wp\/v2\/pages\/935\/revisions"}],"predecessor-version":[{"id":5236,"href":"https:\/\/castellodelvalentino.polito.it\/index.php?rest_route=\/wp\/v2\/pages\/935\/revisions\/5236"}],"up":[{"embeddable":true,"href":"https:\/\/castellodelvalentino.polito.it\/index.php?rest_route=\/wp\/v2\/pages\/924"}],"wp:featuredmedia":[{"embeddable":true,"href":"https:\/\/castellodelvalentino.polito.it\/index.php?rest_route=\/wp\/v2\/media\/2928"}],"wp:attachment":[{"href":"https:\/\/castellodelvalentino.polito.it\/index.php?rest_route=%2Fwp%2Fv2%2Fmedia&parent=935"}],"curies":[{"name":"wp","href":"https:\/\/api.w.org\/{rel}","templated":true}]}}