{"id":941,"date":"2015-06-05T11:44:51","date_gmt":"2015-06-05T09:44:51","guid":{"rendered":"http:\/\/www.ondequadre.polito.it\/wp\/?page_id=941"},"modified":"2015-03-06T11:20:27","modified_gmt":"2015-03-06T10:20:27","slug":"architetti-on-the-job","status":"publish","type":"page","link":"https:\/\/castellodelvalentino.polito.it\/?page_id=941","title":{"rendered":"Architetti on the Job"},"content":{"rendered":"<p><strong>Architettura, Design e Pianificazione on the Job<\/strong> \u00e8 l\u2019evento di orientamento dedicato alle professioni dell\u2019area dell\u2019architettura che diventer\u00e0 un appuntamento ricorrente di ogni anno.<\/p>\n<p>L\u2019iniziativa, aperta a laureandi e neolaureati di primo e secondo livello in architettura, design e pianificazione, ha lo scopo di:<br \/>\n&nbsp;&nbsp;&nbsp;&#8211; offrire una panoramica su quelli che possono essere gli sbocchi professionali per i giovani laureati di questi settori<br \/>\n&nbsp;&nbsp;&nbsp;&#8211; presentare una serie di tematiche utili per l\u2019ingresso nel mondo del lavoro<\/p>\n<p>L\u2019intera giornata sar\u00e0 organizzata in seminari della durata di un\u2019ora e mezza. Ai partecipanti verr\u00e0 data la possibilit\u00e0 di scegliere tra una serie di focus: la mobilit\u00e0 internazionale, il funzionamento dei processi di selezione, l\u2019utilizzo del fundraising, il ruolo dell\u2019Ordine degli Architetti , le storie di giovani talenti laureati al Politecnico che porteranno la loro esperienza professionale.<\/p>\n","protected":false},"excerpt":{"rendered":"<p>Architettura, Design e Pianificazione on the Job \u00e8 l\u2019evento di orientamento dedicato alle professioni dell\u2019area dell\u2019architettura che diventer\u00e0 un appuntamento ricorrente di ogni anno. L\u2019iniziativa, aperta a laureandi e neolaureati [&hellip;]<\/p>\n","protected":false},"author":4,"featured_media":3003,"parent":926,"menu_order":2,"comment_status":"closed","ping_status":"closed","template":"page_fullwidth.php","meta":{"footnotes":""},"class_list":["post-941","page","type-page","status-publish","has-post-thumbnail","hentry"],"_links":{"self":[{"href":"https:\/\/castellodelvalentino.polito.it\/index.php?rest_route=\/wp\/v2\/pages\/941","targetHints":{"allow":["GET"]}}],"collection":[{"href":"https:\/\/castellodelvalentino.polito.it\/index.php?rest_route=\/wp\/v2\/pages"}],"about":[{"href":"https:\/\/castellodelvalentino.polito.it\/index.php?rest_route=\/wp\/v2\/types\/page"}],"author":[{"embeddable":true,"href":"https:\/\/castellodelvalentino.polito.it\/index.php?rest_route=\/wp\/v2\/users\/4"}],"replies":[{"embeddable":true,"href":"https:\/\/castellodelvalentino.polito.it\/index.php?rest_route=%2Fwp%2Fv2%2Fcomments&post=941"}],"version-history":[{"count":5,"href":"https:\/\/castellodelvalentino.polito.it\/index.php?rest_route=\/wp\/v2\/pages\/941\/revisions"}],"predecessor-version":[{"id":3002,"href":"https:\/\/castellodelvalentino.polito.it\/index.php?rest_route=\/wp\/v2\/pages\/941\/revisions\/3002"}],"up":[{"embeddable":true,"href":"https:\/\/castellodelvalentino.polito.it\/index.php?rest_route=\/wp\/v2\/pages\/926"}],"wp:featuredmedia":[{"embeddable":true,"href":"https:\/\/castellodelvalentino.polito.it\/index.php?rest_route=\/wp\/v2\/media\/3003"}],"wp:attachment":[{"href":"https:\/\/castellodelvalentino.polito.it\/index.php?rest_route=%2Fwp%2Fv2%2Fmedia&parent=941"}],"curies":[{"name":"wp","href":"https:\/\/api.w.org\/{rel}","templated":true}]}}